{"id":25940,"date":"2024-05-30T09:45:37","date_gmt":"2024-05-30T07:45:37","guid":{"rendered":"https:\/\/www.camping-rochetaillee.fr\/camping-alpe-d-huez-isere-services\/"},"modified":"2025-09-18T14:08:28","modified_gmt":"2025-09-18T12:08:28","slug":"camping-alpe-d-huez-isere-diensten","status":"publish","type":"page","link":"https:\/\/www.camping-rochetaillee.fr\/nl\/camping-alpe-d-huez-isere-diensten\/","title":{"rendered":"Diensten"},"content":{"rendered":"\n<div class=\"is-layout-flow wp-block-group alignfull diaporama-header T-05\"><div class=\"fc-galerie fc-auto \"  style=\"\"  ><figure class=\"fc-galerie__item fc-auto f-carousel__slide \" style=\"\"><picture><source srcset=\"https:\/\/www.camping-rochetaillee.fr\/wp-content\/uploads\/2025\/07\/0a1116d06450064de79c5ed6c3d23e59-210x45.jpg\" media=\"(max-width: 211px)\"><source srcset=\"https:\/\/www.camping-rochetaillee.fr\/wp-content\/uploads\/2025\/07\/0a1116d06450064de79c5ed6c3d23e59-415x550.jpg\" media=\"(max-width: 416px)\"><source srcset=\"https:\/\/www.camping-rochetaillee.fr\/wp-content\/uploads\/2025\/07\/0a1116d06450064de79c5ed6c3d23e59-420x90.jpg\" media=\"(max-width: 421px)\"><source srcset=\"https:\/\/www.camping-rochetaillee.fr\/wp-content\/uploads\/2025\/07\/0a1116d06450064de79c5ed6c3d23e59-1024x220.jpg\" media=\"(max-width: 1025px)\"><source srcset=\"https:\/\/www.camping-rochetaillee.fr\/wp-content\/uploads\/2025\/07\/0a1116d06450064de79c5ed6c3d23e59.jpg\" media=\"(min-width: 1026px)\"><img decoding=\"async\" loading=\"lazy\" width=\"415\" height=\"210\" src=\"https:\/\/www.camping-rochetaillee.fr\/wp-content\/uploads\/2025\/07\/0a1116d06450064de79c5ed6c3d23e59-210x45.jpg\" alt=\"\" title=\"\"><\/picture><\/figure><\/div>\n\n\n<div class=\"is-layout-constrained wp-block-group\"><\/div>\n\n\n<figure class=\"deco--ligne-v fc-auto \" style=\"\"  ><picture><source srcset=\"https:\/\/www.camping-rochetaillee.fr\/wp-content\/uploads\/2024\/06\/ligne-v.svg\" media=\"(max-width: 211px)\"><source srcset=\"https:\/\/www.camping-rochetaillee.fr\/wp-content\/uploads\/2024\/06\/ligne-v.svg\" media=\"(max-width: 421px)\"><source srcset=\"https:\/\/www.camping-rochetaillee.fr\/wp-content\/uploads\/2024\/06\/ligne-v.svg\" media=\"(max-width: 1025px)\"><source srcset=\"https:\/\/www.camping-rochetaillee.fr\/wp-content\/uploads\/2024\/06\/ligne-v.svg\" media=\"(min-width: 1026px)\"><img decoding=\"async\" loading=\"lazy\" width=\"420\" height=\"210\" src=\"https:\/\/www.camping-rochetaillee.fr\/wp-content\/uploads\/2024\/06\/ligne-v.svg\" alt=\"\" title=\"\"><\/picture><\/figure>\n\n<figure class=\"deco--vague-header fc-auto \" style=\"\"  ><picture><source srcset=\"https:\/\/www.camping-rochetaillee.fr\/wp-content\/uploads\/2024\/06\/vague-b2.svg\" media=\"(max-width: 211px)\"><source srcset=\"https:\/\/www.camping-rochetaillee.fr\/wp-content\/uploads\/2024\/06\/vague-b2.svg\" media=\"(max-width: 421px)\"><source srcset=\"https:\/\/www.camping-rochetaillee.fr\/wp-content\/uploads\/2024\/06\/vague-b2.svg\" media=\"(max-width: 1025px)\"><source srcset=\"https:\/\/www.camping-rochetaillee.fr\/wp-content\/uploads\/2024\/06\/vague-b2.svg\" media=\"(min-width: 1026px)\"><img decoding=\"async\" loading=\"lazy\" width=\"420\" height=\"210\" src=\"https:\/\/www.camping-rochetaillee.fr\/wp-content\/uploads\/2024\/06\/vague-b2.svg\" alt=\"\" title=\"\"><\/picture><\/figure><\/div>\n\n\n\n<section class=\"is-layout-flow wp-block-group\">\n<div class=\"is-layout-flex wp-container-7 wp-block-columns are-vertically-aligned-center\">\n<div class=\"is-layout-flow wp-block-column is-vertically-aligned-center\">\n<h1 id=\"les-services-du-camping-eurosol\">4-sterrenservice voor een ontspannen vakantie in Bourg-d&#8217;Oisans<\/h1>\n\n\n\n<p>In het hart van de Is\u00e8re, tussen <strong>majestueuze bergen <\/strong>en ongerepte natuur, opent <strong>camping Le Ch\u00e2teau de Rochetaill\u00e9e<\/strong> zijn deuren voor jou voor een uitzonderlijk verblijf. Deze 4-sterrencamping is ontworpen om je comfort en rust te bieden en biedt een compleet <strong>dienstenpakket <\/strong>om je dagelijkse leven te vergemakkelijken en je vakantie nog aangenamer te maken. <\/p>\n\n\n\n<p>Of je nu op het laatste moment boodschappen wilt doen, gezellig wilt eten zonder te hoeven koken of gewoon wilt ontspannen onder het genot van een drankje, je vindt <strong>het allemaal ter plaatse<\/strong>. De handige kruidenierswinkel biedt een selectie van essenti\u00eble en lokale artikelen, terwijl het restaurant en de snackbar je uitnodigen om <strong>gastronomische smaken<\/strong> te ontdekken, binnen terwijl je geniet van het uitzicht op de bergtoppen. <\/p>\n<\/div>\n\n\n\n<div class=\"is-layout-flow wp-block-column is-vertically-aligned-center\">\n<ul class=\"pictos\">\n<li><span class=\"fc-icon\"><!-- Generated by IcoMoon.io -->\n<svg version=\"1.1\" xmlns=\"http:\/\/www.w3.org\/2000\/svg\" width=\"32\" height=\"32\" viewBox=\"0 0 32 32\">\n<path d=\"M31.642 11.161c-0.050 0.207-0.094 0.415-0.151 0.62-0.273 0.968-0.821 1.745-1.625 2.347-0.089 0.067-0.178 0.204-0.179 0.309-0.009 4.434-0.007 8.867-0.006 13.301 0 0.039 0.008 0.078 0.017 0.156 0.173 0 0.344-0.007 0.513 0.002 0.262 0.015 0.413 0.167 0.443 0.422 0.029 0.239-0.153 0.449-0.411 0.486-0.090 0.013-0.183 0.008-0.275 0.008-9.347 0-18.695 0-28.042 0-0.092 0-0.186 0.007-0.275-0.009-0.253-0.047-0.4-0.2-0.406-0.461-0.006-0.243 0.186-0.431 0.451-0.445 0.161-0.009 0.324-0.002 0.526-0.002 0-0.129 0-0.237 0-0.346 0-4.332-0.002-8.663 0.005-12.995 0-0.215-0.060-0.342-0.237-0.476-1.073-0.809-1.652-1.894-1.721-3.238-0.009-0.172 0.038-0.371 0.123-0.521 1.171-2.069 2.355-4.13 3.533-6.197 0.306-0.538 0.764-0.804 1.38-0.804 7.1 0 14.2 0 21.3 0 0.645 0 1.094 0.306 1.409 0.861 1.148 2.024 2.305 4.043 3.459 6.062 0.049 0.086 0.112 0.163 0.169 0.245 0.003 0.223 0.003 0.448 0.003 0.673zM7.804 11.115c-0.127 0-0.238 0-0.348 0-0.899 0-1.798 0.011-2.697-0.011-0.169-0.004-0.371-0.105-0.489-0.227-0.075-0.078-0.064-0.294-0.016-0.422 0.086-0.235 0.312-0.262 0.538-0.262 7.437 0.001 14.874 0.001 22.311 0.002 0.383 0 0.603 0.169 0.608 0.456s-0.214 0.461-0.595 0.462c-0.899 0.002-1.798 0.001-2.697 0.001-0.107 0-0.215 0-0.324 0 0.046 1.222 1.325 2.979 3.425 2.881 1.619-0.076 3.197-1.515 3.12-2.882-0.436 0-0.873 0.002-1.311-0.001-0.369-0.003-0.567-0.166-0.568-0.454s0.201-0.459 0.565-0.464c0.334-0.005 0.668-0.001 1.035-0.001-0.034-0.081-0.047-0.128-0.070-0.169-1.042-1.826-2.086-3.651-3.128-5.476-0.138-0.243-0.351-0.315-0.616-0.315-7.059 0.002-14.118 0.002-21.177-0.001-0.309 0-0.516 0.11-0.671 0.383-1.012 1.785-2.032 3.564-3.048 5.346-0.037 0.065-0.062 0.136-0.106 0.235 0.396 0 0.754-0.012 1.11 0.003 0.381 0.016 0.619 0.364 0.428 0.646-0.091 0.134-0.303 0.244-0.468 0.257-0.452 0.034-0.909 0.012-1.363 0.012 0.034 1.137 1.195 2.863 3.24 2.887 1.662 0.020 3.247-1.33 3.313-2.887zM3.154 27.874c5.755 0 11.488 0 17.255 0 0-0.137 0-0.257 0-0.378 0-3.564 0-7.129 0-10.693 0-0.606 0.1-0.705 0.718-0.705 1.797 0 3.595 0 5.392 0 0.581 0 0.704 0.122 0.704 0.695 0 3.575 0 7.149 0 10.724 0 0.118 0 0.236 0 0.349 0.537 0 1.030 0 1.523 0 0-4.395 0-8.764 0-13.138-2.235 0.551-3.958-0.136-5.184-2.099-0.852 1.438-2.087 2.279-3.789 2.284-1.71 0.005-2.955-0.831-3.826-2.293-0.874 1.472-2.118 2.297-3.819 2.293s-2.937-0.843-3.79-2.284c-1.227 1.961-2.949 2.65-5.184 2.099 0.001 4.373 0.001 8.742 0.001 13.144zM26.285 17.041c-1.655 0-3.291 0-4.938 0 0 2.802 0 5.582 0 8.374 1.656 0 3.292 0 4.938 0 0-2.801 0-5.582 0-8.374zM23.045 11.129c-2.202 0-4.385 0-6.568 0 0.056 1.493 1.573 2.837 3.226 2.871 1.676 0.034 3.235-1.29 3.343-2.871zM8.856 11.13c0.095 1.556 1.642 2.885 3.309 2.871 1.659-0.014 3.191-1.356 3.258-2.871-2.183 0-4.366 0-6.567 0zM26.288 26.372c-1.653 0-3.29 0-4.938 0 0 0.51 0 1.003 0 1.498 1.659 0 3.296 0 4.938 0 0-0.509 0-0.995 0-1.498zM11.751 16.099c2.145 0 4.289-0.001 6.434 0 0.565 0 0.685 0.12 0.685 0.684 0.001 2.962 0.001 5.923 0 8.884 0 0.554-0.134 0.686-0.687 0.686-4.279 0-8.558 0-12.837 0-0.53 0-0.669-0.139-0.669-0.673 0-2.972 0-5.943 0-8.916 0-0.533 0.133-0.666 0.671-0.666 2.135 0 4.269 0 6.403 0zM17.935 17.036c-4.122 0-8.213 0-12.311 0 0 2.806 0 5.595 0 8.377 4.117 0 8.206 0 12.311 0 0-2.795 0-5.569 0-8.377z\"><\/path>\n<\/svg>\n<\/span> <strong>Boodschappenhoekje<\/strong><\/li>\n\n\n\n<li><span class=\"fc-icon\"><!-- Generated by IcoMoon.io -->\n<svg version=\"1.1\" xmlns=\"http:\/\/www.w3.org\/2000\/svg\" width=\"32\" height=\"32\" viewBox=\"0 0 32 32\">\n<path d=\"M32.035 28.262c-0.191 0.428-0.538 0.558-0.983 0.55-0.855-0.013-1.71-0.003-2.564-0.004-0.714-0.001-1.007-0.291-0.952-0.991 0.124-1.569 0.266-3.136 0.4-4.704 0.111-1.296 0.222-2.591 0.335-3.924-0.134 0-0.246 0-0.358 0-0.876-0.001-1.080-0.208-1.081-1.095-0.007-2.711-0.015-5.421-0.022-8.132-0.003-1.074 0.004-2.148-0.015-3.221-0.007-0.44 0.144-0.745 0.524-0.984 1.155-0.727 2.295-1.478 3.442-2.218 0.577-0.373 0.938-0.28 1.276 0.32-0.001 8.134-0.001 16.267-0.001 24.402zM30.512 17.683c0-4.060 0-8.123 0-12.226-0.69 0.45-1.34 0.882-1.999 1.297-0.181 0.114-0.243 0.24-0.241 0.453 0.020 3.367 0.032 6.736 0.046 10.104 0.001 0.121 0.010 0.241 0.017 0.373 0.738 0 1.444 0 2.178 0zM30.521 27.299c0-2.709 0-5.401 0-8.091-0.261 0-0.496 0-0.753 0-0.23 2.701-0.458 5.386-0.689 8.091 0.505 0 0.968 0 1.442 0zM16.012 7.781c5.405-0.021 9.853 4.428 9.845 9.849-0.008 5.424-4.398 9.816-9.827 9.833-5.403 0.017-9.807-4.375-9.846-9.817-0.038-5.405 4.384-9.843 9.828-9.864zM24.373 17.612c-0.037-4.632-3.803-8.381-8.373-8.335-4.645 0.047-8.378 3.802-8.325 8.377 0.053 4.64 3.756 8.328 8.35 8.319 4.608-0.008 8.385-3.791 8.348-8.361zM3.683 8.368c0.256 0 0.461 0 0.71 0 0-0.123 0-0.234 0-0.345 0-0.949-0.004-1.897 0.004-2.847 0.001-0.174 0.016-0.361 0.082-0.519 0.124-0.293 0.37-0.442 0.697-0.431 0.311 0.009 0.582 0.211 0.667 0.52 0.040 0.148 0.047 0.308 0.047 0.463 0.003 1.845-0.030 3.691 0.012 5.536 0.034 1.501-0.846 2.72-2.076 3.075-0.196 0.057-0.179 0.194-0.178 0.34 0.007 1.564 0.016 3.128 0.021 4.692 0.008 2.94 0.016 5.88 0.023 8.82 0 0.114 0 0.228 0 0.366-0.49 0-0.964 0-1.481 0 0-4.708 0-9.424 0-14.031-0.499-0.334-0.959-0.57-1.329-0.905-0.607-0.55-0.873-1.285-0.876-2.103-0.007-1.97-0.005-3.941-0.001-5.911 0.001-0.53 0.292-0.862 0.741-0.863 0.445-0.002 0.746 0.33 0.751 0.856 0.007 0.97 0.002 1.939 0.002 2.909 0 0.114 0 0.227 0 0.365 0.23 0 0.441 0 0.69 0 0-0.114 0.001-0.224 0-0.335-0.007-0.938-0.017-1.877-0.017-2.815 0-0.184 0.012-0.381 0.076-0.55 0.12-0.316 0.454-0.473 0.793-0.417 0.347 0.057 0.591 0.33 0.602 0.731 0.024 0.98 0.031 1.96 0.044 2.94-0.001 0.144-0.002 0.288-0.002 0.459zM1.509 9.883c0 0.467-0.033 0.904 0.007 1.337 0.059 0.629 0.623 1.153 1.242 1.214 0.711 0.069 1.38-0.296 1.534-0.949 0.12-0.511 0.093-1.057 0.132-1.601-1.017 0-1.95 0-2.916 0zM22.761 17.616c0.005 3.704-3.066 6.767-6.752 6.738-3.723-0.030-6.718-3.028-6.724-6.734-0.006-3.697 3.002-6.716 6.716-6.742 3.686-0.025 6.755 3.034 6.76 6.738zM21.269 17.616c-0.009-2.889-2.389-5.257-5.267-5.239-2.885 0.020-5.224 2.365-5.23 5.243-0.006 2.884 2.365 5.255 5.251 5.253 2.889-0.002 5.255-2.373 5.246-5.257z\"><\/path>\n<\/svg>\n<\/span> Restaurant <strong>ter plaatse<\/strong><\/li>\n\n\n\n<li><span class=\"fc-icon\"><!-- Generated by IcoMoon.io -->\n<svg version=\"1.1\" xmlns=\"http:\/\/www.w3.org\/2000\/svg\" width=\"32\" height=\"32\" viewBox=\"0 0 32 32\">\n<path d=\"M28.68 11.719c-0.294 0.518-0.662 0.568-1.094 0.147-2.55-2.481-5.577-4.050-9.096-4.552-5.368-0.767-10.068 0.716-14.057 4.408-0.073 0.068-0.142 0.139-0.215 0.207-0.288 0.27-0.623 0.286-0.861 0.044-0.24-0.244-0.234-0.597 0.059-0.855 0.671-0.592 1.328-1.206 2.045-1.739 2.24-1.665 4.752-2.745 7.509-3.163 5.905-0.896 11.054 0.708 15.403 4.821 0.117 0.112 0.205 0.255 0.307 0.384 0 0.1 0 0.199 0 0.299zM15.791 11.112c3.563 0.070 6.515 1.239 8.975 3.614 0.283 0.274 0.338 0.56 0.163 0.818-0.216 0.318-0.615 0.341-0.923 0.040-0.656-0.639-1.369-1.204-2.156-1.674-1.555-0.929-3.235-1.479-5.044-1.598-3.451-0.227-6.42 0.873-8.92 3.256-0.299 0.285-0.632 0.305-0.878 0.052s-0.22-0.582 0.081-0.876c2.060-2.005 4.516-3.187 7.372-3.527 0.493-0.058 0.991-0.080 1.332-0.106zM21.371 18.763c-0.001 0.346-0.109 0.524-0.323 0.624-0.234 0.11-0.45 0.064-0.646-0.102-0.291-0.246-0.57-0.511-0.88-0.729-2.427-1.701-5.777-1.44-7.926 0.603-0.117 0.111-0.259 0.216-0.408 0.266-0.237 0.078-0.492-0.052-0.616-0.265-0.131-0.224-0.109-0.521 0.111-0.704 0.478-0.395 0.945-0.819 1.474-1.134 2.885-1.715 6.546-1.272 8.956 1.059 0.128 0.125 0.206 0.302 0.258 0.381zM15.931 21.45c1.265-0.004 2.295 1.023 2.296 2.29s-1.023 2.296-2.288 2.301c-1.259 0.005-2.295-1.029-2.297-2.292-0.001-1.267 1.022-2.294 2.288-2.298zM14.79 23.742c-0.001 0.637 0.523 1.158 1.155 1.15 0.627-0.007 1.134-0.519 1.136-1.145 0.001-0.639-0.516-1.152-1.156-1.146-0.631 0.005-1.135 0.512-1.136 1.14z\"><\/path>\n<\/svg>\n<\/span> Gratis <strong>wifi<\/strong><\/li>\n<\/ul>\n<\/div>\n<\/div>\n<\/section>\n\n\n\n<div class=\"is-layout-constrained wp-block-group alignfull\"><figure class=\"deco--lignes fc-auto \" style=\"\"  ><picture><source srcset=\"https:\/\/www.camping-rochetaillee.fr\/wp-content\/uploads\/2024\/05\/lignes.svg\" media=\"(max-width: 211px)\"><source srcset=\"https:\/\/www.camping-rochetaillee.fr\/wp-content\/uploads\/2024\/05\/lignes.svg\" media=\"(max-width: 421px)\"><source srcset=\"https:\/\/www.camping-rochetaillee.fr\/wp-content\/uploads\/2024\/05\/lignes.svg\" media=\"(max-width: 1025px)\"><source srcset=\"https:\/\/www.camping-rochetaillee.fr\/wp-content\/uploads\/2024\/05\/lignes.svg\" media=\"(min-width: 1026px)\"><img decoding=\"async\" loading=\"lazy\" width=\"420\" height=\"210\" src=\"https:\/\/www.camping-rochetaillee.fr\/wp-content\/uploads\/2024\/05\/lignes.svg\" alt=\"\" title=\"\"><\/picture><\/figure>\n\n<figure class=\"deco--vague fc-auto \" style=\"\"  ><picture><source srcset=\"https:\/\/www.camping-rochetaillee.fr\/wp-content\/uploads\/2024\/05\/vague.svg\" media=\"(max-width: 211px)\"><source srcset=\"https:\/\/www.camping-rochetaillee.fr\/wp-content\/uploads\/2024\/05\/vague.svg\" media=\"(max-width: 421px)\"><source srcset=\"https:\/\/www.camping-rochetaillee.fr\/wp-content\/uploads\/2024\/05\/vague.svg\" media=\"(max-width: 1025px)\"><source srcset=\"https:\/\/www.camping-rochetaillee.fr\/wp-content\/uploads\/2024\/05\/vague.svg\" media=\"(min-width: 1026px)\"><img decoding=\"async\" loading=\"lazy\" width=\"420\" height=\"210\" src=\"https:\/\/www.camping-rochetaillee.fr\/wp-content\/uploads\/2024\/05\/vague.svg\" alt=\"\" title=\"\"><\/picture><\/figure>\n\n\n<div class=\"is-layout-flex wp-container-13 wp-block-columns are-vertically-aligned-center has-vert-background-color has-background reverse-mob\">\n<div class=\"is-layout-flow wp-block-column is-vertically-aligned-center\">\n<h2 id=\"le-restaurant-du-camping-4-etoiles-dans-les-landes\">Restaurant op de camping in Bourg-d&#8217;Oisans met uitzicht op de bergtoppen<\/h2>\n\n\n\n<p>Op camping Le Ch\u00e2teau de Rochetaill\u00e9e kun je jezelf trakteren op een <strong>heerlijke maaltijd <\/strong>in het hart van de Alpen. Ons restaurant verwelkomt je in een warme en ontspannen sfeer, ideaal om een goede maaltijd te delen na een drukke dag. <\/p>\n\n\n\n<p>Laat je verleiden door een eenvoudige, gulle keuken naar ieders smaak. Leun achterover en geniet van een <strong>uitzonderlijk panoramisch uitzicht <\/strong>op de bergen van Alpe d&#8217;Huez, in een gezellige sfeer die perfect is om samen te komen met vrienden of familie. <\/p>\n\n\n\n<p>Op zoek naar een pauze op elk moment van de dag? Een gastronomisch <strong>snackrestaurant <\/strong>is beschikbaar om je vakantie nog zoeter te maken! <\/p>\n\n\n\n<div class=\"wp-block-fc-gut-encart has-blanc-background-color has-background fc-information\">\n<p>Restaurant alleen in het weekend geopend tijdens het laagseizoen en dagelijks tijdens het hoogseizoen<\/p>\n<\/div>\n<\/div>\n\n\n\n<div class=\"is-layout-flow wp-block-column is-vertically-aligned-center\"><div class=\"fc-galerie fc-auto col-1 \"  style=\"\"  ><figure class=\"fc-galerie__item fc-auto f-carousel__slide \" style=\"\"><picture><source srcset=\"https:\/\/www.camping-rochetaillee.fr\/wp-content\/uploads\/2025\/07\/alimentation-camping-rochetaillee-210x118.jpeg\" media=\"(max-width: 211px)\"><source srcset=\"https:\/\/www.camping-rochetaillee.fr\/wp-content\/uploads\/2025\/07\/alimentation-camping-rochetaillee-420x235.jpeg\" media=\"(max-width: 421px)\"><source srcset=\"https:\/\/www.camping-rochetaillee.fr\/wp-content\/uploads\/2025\/07\/alimentation-camping-rochetaillee-1024x574.jpeg\" media=\"(max-width: 1025px)\"><source srcset=\"https:\/\/www.camping-rochetaillee.fr\/wp-content\/uploads\/2025\/07\/alimentation-camping-rochetaillee.jpeg\" media=\"(min-width: 1026px)\"><img decoding=\"async\" loading=\"lazy\" width=\"415\" height=\"210\" src=\"https:\/\/www.camping-rochetaillee.fr\/wp-content\/uploads\/2025\/07\/alimentation-camping-rochetaillee-210x118.jpeg\" alt=\"\" title=\"\"><\/picture><\/figure><\/div><\/div>\n<\/div>\n<\/div>\n\n\n\n<div class=\"is-layout-flex wp-container-20 wp-block-columns are-vertically-aligned-center reverse-mob\">\n<div class=\"is-layout-flow wp-block-column is-vertically-aligned-center col-text\" style=\"flex-basis:40%\">\n<h2 class=\"has-vert-color has-text-color\" id=\"take-away-cuisine-du-monde-a-emporter\">Diensten ontworpen voor uw comfort in Is\u00e8re<\/h2>\n\n\n\n<p>Hier is alles ontworpen om je dagelijkse leven te vereenvoudigen en je <strong>verblijf in het hart van de Alpen<\/strong> even aangenaam als praktisch te maken.  <\/p>\n\n\n\n<p>Er is ook <strong>een wasserette<\/strong> om je wandelkleding of kinderkleding te wassen. Er is ook een <strong>kruidenierswinkeltje<\/strong> op het terrein, dus je kunt boodschappen doen zonder ergens heen te hoeven, ideaal voor kleine boodschappen of last-minute verzoeken.   <\/p>\n\n\n\n<p>Wil je je mooiste herinneringen delen of een wandelkaart raadplegen? Dankzij <strong>de Wi-Fi-verbinding<\/strong> ben je altijd verbonden.<\/p>\n\n\n\n<p>Elk detail is verzorgd zodat je optimaal van je vakantie kunt genieten. In een <strong>warme, familiale sfeer<\/strong> zal het team er alles aan doen om <strong>je een<\/strong> ontspannen, gezellige en onvergetelijke <strong>vakantie in Bourg-d&#8217;Oisans<\/strong> te bezorgen. <\/p>\n<\/div>\n\n\n\n<div class=\"is-layout-flow wp-block-column is-vertically-aligned-center col-img\"><div class=\"fc-galerie fc-auto f-carousel fc-diapo-mob \"  style=\"\"  data-fancybox=\"gallery-mob\"><figure class=\"fc-galerie__item fc-auto f-carousel__slide \" style=\"\"><picture><source srcset=\"https:\/\/www.camping-rochetaillee.fr\/wp-content\/uploads\/2025\/09\/pain-210x140.webp\" media=\"(max-width: 211px)\"><source srcset=\"https:\/\/www.camping-rochetaillee.fr\/wp-content\/uploads\/2025\/09\/pain-420x280.webp\" media=\"(max-width: 421px)\"><source srcset=\"https:\/\/www.camping-rochetaillee.fr\/wp-content\/uploads\/2025\/09\/pain.webp\" media=\"(max-width: 1025px)\"><source srcset=\"https:\/\/www.camping-rochetaillee.fr\/wp-content\/uploads\/2025\/09\/pain.webp\" media=\"(min-width: 1026px)\"><img decoding=\"async\" loading=\"lazy\" width=\"415\" height=\"210\" src=\"https:\/\/www.camping-rochetaillee.fr\/wp-content\/uploads\/2025\/09\/pain-210x140.webp\" alt=\"\" title=\"\"><\/picture><\/figure><\/div>\n\n\n<div class=\"is-layout-flex wp-block-buttons\">\n<div class=\"wp-block-button btn_galerie fc-style-1\"><a class=\"wp-block-button__link wp-element-button\" href=\"https:\/\/www.camping-rochetaillee.fr\/nl\/fotogalerij\/\">&gt; Bekijk galerij<\/a><\/div>\n<\/div>\n<\/div>\n<\/div>\n\n\n\n<div class=\"wp-block-cover is-light T-20\"><span aria-hidden=\"true\" class=\"wp-block-cover__background has-background-dim\"><\/span><img decoding=\"async\" loading=\"lazy\" width=\"1920\" height=\"870\" class=\"wp-block-cover__image-background wp-image-1675\" alt=\"\" src=\"https:\/\/www.camping-rochetaillee.fr\/wp-content\/uploads\/2025\/07\/Camping-LeBourgdOisans-Hebergement98-LechateaudeRochetaillee-ciela-village-4.jpg\" data-object-fit=\"cover\" srcset=\"https:\/\/www.camping-rochetaillee.fr\/wp-content\/uploads\/2025\/07\/Camping-LeBourgdOisans-Hebergement98-LechateaudeRochetaillee-ciela-village-4.jpg 1920w, https:\/\/www.camping-rochetaillee.fr\/wp-content\/uploads\/2025\/07\/Camping-LeBourgdOisans-Hebergement98-LechateaudeRochetaillee-ciela-village-4-420x190.jpg 420w, https:\/\/www.camping-rochetaillee.fr\/wp-content\/uploads\/2025\/07\/Camping-LeBourgdOisans-Hebergement98-LechateaudeRochetaillee-ciela-village-4-1024x464.jpg 1024w, https:\/\/www.camping-rochetaillee.fr\/wp-content\/uploads\/2025\/07\/Camping-LeBourgdOisans-Hebergement98-LechateaudeRochetaillee-ciela-village-4-210x95.jpg 210w, https:\/\/www.camping-rochetaillee.fr\/wp-content\/uploads\/2025\/07\/Camping-LeBourgdOisans-Hebergement98-LechateaudeRochetaillee-ciela-village-4-768x348.jpg 768w, https:\/\/www.camping-rochetaillee.fr\/wp-content\/uploads\/2025\/07\/Camping-LeBourgdOisans-Hebergement98-LechateaudeRochetaillee-ciela-village-4-1536x696.jpg 1536w\" sizes=\"(max-width: 1920px) 100vw, 1920px\" title=\"\"><div class=\"wp-block-cover__inner-container\">\n<div class=\"is-layout-flow wp-block-group has-vert-background-color has-background\">\n<h2 class=\"has-text-align-center has-blanc-color has-text-color\" id=\"decouvrez-nos-locations-en-nouvelle-aquitaine\">Ontdek onze eersteklas 4-sterrencampings<\/h2>\n\n\n\n<p class=\"has-text-align-center\">Ontdek op <strong>camping Le Ch\u00e2teau de Rochetaill\u00e9e<\/strong> een ruime keuze aan <strong>accommodaties <\/strong>voor alle smaken en groepsgroottes. Elke accommodatie is volledig uitgerust en ontworpen om je comfort, functionaliteit en een aangename omgeving te bieden. <\/p>\n\n\n\n<p class=\"has-text-align-center\">Geniet van de buitenruimte terwijl je het <strong>Alpenlandschap<\/strong> bewondert. Sommige van onze accommodaties bieden extra faciliteiten voor nog meer welzijn. Of je nu met je gezin, met vrienden of met z&#8217;n twee\u00ebn komt, onze accommodaties staan garant voor een <strong>geslaagd verblijf<\/strong>, midden in de ongerepte natuur van de Oisans, met gemakkelijke toegang tot alle voorzieningen van de camping.  <\/p>\n\n\n\n<div class=\"is-horizontal is-content-justification-center is-layout-flex wp-container-21 wp-block-buttons\">\n<div class=\"wp-block-button\"><a class=\"wp-block-button__link wp-element-button\" href=\"https:\/\/www.camping-rochetaillee.fr\/nl\/accommodatie-camping-alpe-d-huez\/\">Lees meer<\/a><\/div>\n<\/div>\n<\/div>\n<\/div><\/div>\n","protected":false},"excerpt":{"rendered":"<p>4-sterrenservice voor een ontspannen vakantie in Bourg-d&#8217;Oisans In het hart van de Is\u00e8re, tussen majestueuze bergen en ongerepte natuur, opent camping Le Ch\u00e2teau de Rochetaill\u00e9e zijn deuren voor jou voor een uitzonderlijk verblijf. Deze 4-sterrencamping is ontworpen om je comfort en rust te bieden en biedt een compleet dienstenpakket om je dagelijkse leven te vergemakkelijken [&hellip;]<\/p>\n","protected":false},"author":1,"featured_media":0,"parent":0,"menu_order":0,"comment_status":"closed","ping_status":"closed","template":"","meta":[],"acf":[],"_links":{"self":[{"href":"https:\/\/www.camping-rochetaillee.fr\/nl\/wp-json\/wp\/v2\/pages\/25940"}],"collection":[{"href":"https:\/\/www.camping-rochetaillee.fr\/nl\/wp-json\/wp\/v2\/pages"}],"about":[{"href":"https:\/\/www.camping-rochetaillee.fr\/nl\/wp-json\/wp\/v2\/types\/page"}],"author":[{"embeddable":true,"href":"https:\/\/www.camping-rochetaillee.fr\/nl\/wp-json\/wp\/v2\/users\/1"}],"replies":[{"embeddable":true,"href":"https:\/\/www.camping-rochetaillee.fr\/nl\/wp-json\/wp\/v2\/comments?post=25940"}],"version-history":[{"count":6,"href":"https:\/\/www.camping-rochetaillee.fr\/nl\/wp-json\/wp\/v2\/pages\/25940\/revisions"}],"predecessor-version":[{"id":26491,"href":"https:\/\/www.camping-rochetaillee.fr\/nl\/wp-json\/wp\/v2\/pages\/25940\/revisions\/26491"}],"wp:attachment":[{"href":"https:\/\/www.camping-rochetaillee.fr\/nl\/wp-json\/wp\/v2\/media?parent=25940"}],"curies":[{"name":"wp","href":"https:\/\/api.w.org\/{rel}","templated":true}]}}