{"id":25984,"date":"2024-05-30T09:35:20","date_gmt":"2024-05-30T07:35:20","guid":{"rendered":"https:\/\/www.camping-rochetaillee.fr\/ciela-village\/"},"modified":"2025-09-08T09:47:27","modified_gmt":"2025-09-08T07:47:27","slug":"ciela-village","status":"publish","type":"page","link":"https:\/\/www.camping-rochetaillee.fr\/de\/ciela-village\/","title":{"rendered":"Ciela Village"},"content":{"rendered":"\n<div class=\"is-layout-flow wp-block-group alignfull diaporama-header T-05\"><div class=\"fc-galerie fc-auto \"  style=\"\"  ><figure class=\"fc-galerie__item fc-auto f-carousel__slide \" style=\"\"><picture><source srcset=\"https:\/\/www.camping-rochetaillee.fr\/wp-content\/uploads\/2025\/08\/alpes-dhuez-aerienne-1-210x88.jpeg\" media=\"(max-width: 211px)\"><source srcset=\"https:\/\/www.camping-rochetaillee.fr\/wp-content\/uploads\/2025\/08\/alpes-dhuez-aerienne-1-415x580.jpeg\" media=\"(max-width: 416px)\"><source srcset=\"https:\/\/www.camping-rochetaillee.fr\/wp-content\/uploads\/2025\/08\/alpes-dhuez-aerienne-1-420x177.jpeg\" media=\"(max-width: 421px)\"><source srcset=\"https:\/\/www.camping-rochetaillee.fr\/wp-content\/uploads\/2025\/08\/alpes-dhuez-aerienne-1-1024x430.jpeg\" media=\"(max-width: 1025px)\"><source srcset=\"https:\/\/www.camping-rochetaillee.fr\/wp-content\/uploads\/2025\/08\/alpes-dhuez-aerienne-1.jpeg\" media=\"(min-width: 1026px)\"><img decoding=\"async\" loading=\"lazy\" width=\"415\" height=\"210\" src=\"https:\/\/www.camping-rochetaillee.fr\/wp-content\/uploads\/2025\/08\/alpes-dhuez-aerienne-1-210x88.jpeg\" alt=\"\" title=\"\"><\/picture><\/figure><\/div>\n\n\n<div class=\"is-layout-constrained wp-block-group\"><\/div>\n\n\n<figure class=\"deco--ligne-v fc-auto \" style=\"\"  ><picture><source srcset=\"https:\/\/www.camping-rochetaillee.fr\/wp-content\/uploads\/2024\/06\/ligne-v.svg\" media=\"(max-width: 211px)\"><source srcset=\"https:\/\/www.camping-rochetaillee.fr\/wp-content\/uploads\/2024\/06\/ligne-v.svg\" media=\"(max-width: 421px)\"><source srcset=\"https:\/\/www.camping-rochetaillee.fr\/wp-content\/uploads\/2024\/06\/ligne-v.svg\" media=\"(max-width: 1025px)\"><source srcset=\"https:\/\/www.camping-rochetaillee.fr\/wp-content\/uploads\/2024\/06\/ligne-v.svg\" media=\"(min-width: 1026px)\"><img decoding=\"async\" loading=\"lazy\" width=\"420\" height=\"210\" src=\"https:\/\/www.camping-rochetaillee.fr\/wp-content\/uploads\/2024\/06\/ligne-v.svg\" alt=\"\" title=\"\"><\/picture><\/figure>\n\n<figure class=\"deco--vague-header fc-auto \" style=\"\"  ><picture><source srcset=\"https:\/\/www.camping-rochetaillee.fr\/wp-content\/uploads\/2024\/06\/vague-b2.svg\" media=\"(max-width: 211px)\"><source srcset=\"https:\/\/www.camping-rochetaillee.fr\/wp-content\/uploads\/2024\/06\/vague-b2.svg\" media=\"(max-width: 421px)\"><source srcset=\"https:\/\/www.camping-rochetaillee.fr\/wp-content\/uploads\/2024\/06\/vague-b2.svg\" media=\"(max-width: 1025px)\"><source srcset=\"https:\/\/www.camping-rochetaillee.fr\/wp-content\/uploads\/2024\/06\/vague-b2.svg\" media=\"(min-width: 1026px)\"><img decoding=\"async\" loading=\"lazy\" width=\"420\" height=\"210\" src=\"https:\/\/www.camping-rochetaillee.fr\/wp-content\/uploads\/2024\/06\/vague-b2.svg\" alt=\"\" title=\"\"><\/picture><\/figure><\/div>\n\n\n\n<div class=\"is-layout-flow wp-block-group\">\n<h1 class=\"has-text-align-center\" id=\"ciela-village\">Ciela Village<\/h1>\n\n\n\n<h2 class=\"has-text-align-center has-vert-color has-text-color\" id=\"partez-en-vacances-dans-des-campings-etoiles-avec-le-groupe-ciela-village\">Machen Sie Urlaub auf einem Sterne-Campingplatz mit der Ciela Village Gruppe<\/h2>\n\n\n\n<p class=\"has-text-align-center\">G\u00f6nnen Sie sich einen unvergesslichen Familienurlaub mit den <strong>Luxus-Campingpl\u00e4tzen von Ciela Village, die<\/strong> in <strong>ganz Frankreich<\/strong> verteilt sind. G\u00f6nnen Sie sich eine wohlverdiente Pause in unseren mit Sternen ausgezeichneten Anlagen, in denen Komfort und Eleganz zu einem au\u00dfergew\u00f6hnlichen Urlaub verschmelzen. <\/p>\n\n\n\n<p class=\"has-text-align-center\">Tauchen Sie ein in unber\u00fchrte Naturlandschaften und genie\u00dfen Sie erstklassige Unterk\u00fcnfte, spektakul\u00e4re <strong>Wasserparks<\/strong> und <strong>Premium-Dienstleistungen<\/strong>, die auf Ihr Wohlbefinden ausgerichtet sind. Ob Sie nun auf der Suche nach Entspannung, Abenteuer oder gemeinsamen Momenten sind, eine<strong> Vielzahl von Aktivit\u00e4ten f\u00fcr alle Altersgruppen<\/strong> erwartet Sie, um eine echte Auszeit vom Alltag zu nehmen. <\/p>\n\n\n\n<p class=\"has-text-align-center\">Entdecken Sie jetzt alle unsere Campingpl\u00e4tze auf <a href=\"https:\/\/cielavillage.fr\/de\/\" target=\"_blank\" data-type=\"URL\" data-id=\"https:\/\/cielavillage.fr\/de\/\" rel=\"noreferrer noopener\">der Webseite von Ciela Village<\/a> und bereiten Sie sich auf einen magischen Urlaub vor, der Ihren W\u00fcnschen entspricht.<\/p>\n<\/div>\n\n\n\r\n<section id=\"fc-ciela\" class=\"wp-block-columns fc_ciela\">\r\n\r\n  <div id=\"listing-ciela\" class=\"wp-block-column\">\r\n    \r\n    <div class=\"filtres\">\r\n      <div>\r\n        <input id=\"all\" name=\"filter\" type=\"radio\" class=\"all-input\" checked=\"checked\" \/>\r\n        <label for=\"all\" class=\"all-label\">Alle Regionen<\/label>\r\n      <\/div>\r\n      <div><input id=\"auvergne-rhone-alpes-de\" name=\"filter\" type=\"radio\" \/><label for=\"auvergne-rhone-alpes-de\">Auvergne-Rh\u00f4ne-Alpes<\/label><\/div><div><input id=\"grand-est-de\" name=\"filter\" type=\"radio\" \/><label for=\"grand-est-de\">Grand Est<\/label><\/div><div><input id=\"nouvelle-aquitaine-de\" name=\"filter\" type=\"radio\" \/><label for=\"nouvelle-aquitaine-de\">Nouvelle Aquitaine<\/label><\/div><div><input id=\"occitanie-de\" name=\"filter\" type=\"radio\" \/><label for=\"occitanie-de\">Occitanie<\/label><\/div><div><input id=\"paca-de\" name=\"filter\" type=\"radio\" \/><label for=\"paca-de\">PACA<\/label><\/div>      <input type='hidden' id='current_page'\/>\r\n      <input type='hidden' id='show_per_page'\/>\r\n    <\/div>\r\n\r\n    <div id=\"listing\">\r\n              <a href=\"https:\/\/cielavillage.fr\/de\/campings\/atlantica-st-jean-de-luz\/\" target=\"_blank\" class=\"lieu-ciela currentCat visuel\" data-cat=\"nouvelle-aquitaine-de\" data-slug=\"atlantica\" data-icone=\"\" data-couleur=\"\" data-latitude=\"43.4152116\" data-longitude=\"-1.6168565\" rel=\"noopener\">\r\n          <div class=\"texte-lieu\">\r\n            <p class=\"categorie-lieu decouvrir\">\r\n              Entdecken Sie            <\/p>\r\n            <p class=\"titre-lieu\">Atlantica<\/p>\r\n            <p class=\"soustitre-lieu\">Saint-Jean-de-Luz<\/p>\r\n          <\/div>\r\n                        <img decoding=\"async\" src=\"https:\/\/www.camping-rochetaillee.fr\/wp-content\/uploads\/2024\/05\/Atlantica.jpg.webp\" alt=\"camping Ciela village\" title=\"\">\r\n                  <\/a>\r\n              <a href=\"https:\/\/cielavillage.fr\/de\/campings\/beau-rivage\/\" target=\"_blank\" class=\"lieu-ciela currentCat visuel\" data-cat=\"occitanie-de\" data-slug=\"beau-rivage\" data-icone=\"\" data-couleur=\"\" data-latitude=\"43.4297373\" data-longitude=\"3.612076\" rel=\"noopener\">\r\n          <div class=\"texte-lieu\">\r\n            <p class=\"categorie-lieu decouvrir\">\r\n              Entdecken Sie            <\/p>\r\n            <p class=\"titre-lieu\">Beau Rivage<\/p>\r\n            <p class=\"soustitre-lieu\">M\u00e8ze<\/p>\r\n          <\/div>\r\n                        <img decoding=\"async\" src=\"https:\/\/www.camping-rochetaillee.fr\/wp-content\/uploads\/2025\/07\/batch_beau-rivage-800x456-1.jpg\" alt=\"\" title=\"\">\r\n                  <\/a>\r\n              <a href=\"https:\/\/cielavillage.fr\/campings\/la-croix-du-sud\/\" target=\"_blank\" class=\"lieu-ciela currentCat visuel\" data-cat=\"occitanie-de\" data-slug=\"la-croix-du-sud\" data-icone=\"\" data-couleur=\"\" data-latitude=\"42.7766819\" data-longitude=\"3.0275526\" rel=\"noopener\">\r\n          <div class=\"texte-lieu\">\r\n            <p class=\"categorie-lieu decouvrir\">\r\n              Entdecken Sie            <\/p>\r\n            <p class=\"titre-lieu\">Das Kreuz des S\u00fcdens<\/p>\r\n            <p class=\"soustitre-lieu\">Barcar\u00e8s<\/p>\r\n          <\/div>\r\n                        <img decoding=\"async\" src=\"https:\/\/www.camping-rochetaillee.fr\/wp-content\/uploads\/2026\/04\/croix-du-sud-1.jpg\" alt=\"\" title=\"\">\r\n                  <\/a>\r\n              <a href=\"https:\/\/cielavillage.fr\/campings\/le-chateau-de-rochetaillee\/\" target=\"_blank\" class=\"lieu-ciela currentCat visuel\" data-cat=\"auvergne-rhone-alpes-de\" data-slug=\"le-chateau-de-rochetaillee\" data-icone=\"\" data-couleur=\"\" data-latitude=\"45.1152021\" data-longitude=\"6.0054606\" rel=\"noopener\">\r\n          <div class=\"texte-lieu\">\r\n            <p class=\"categorie-lieu decouvrir\">\r\n              Entdecken Sie            <\/p>\r\n            <p class=\"titre-lieu\">Das Schloss von Rochetaill\u00e9e<\/p>\r\n            <p class=\"soustitre-lieu\">Bourg d&#8217;Oisans<\/p>\r\n          <\/div>\r\n                        <img decoding=\"async\" src=\"https:\/\/www.camping-rochetaillee.fr\/wp-content\/uploads\/2025\/11\/rochetaillee.webp\" alt=\"camping dans les alpes avec piscine\" title=\"\">\r\n                  <\/a>\r\n              <a href=\"https:\/\/cielavillage.fr\/campings\/le-floride\/\" target=\"_blank\" class=\"lieu-ciela currentCat visuel\" data-cat=\"occitanie-de\" data-slug=\"le-floride\" data-icone=\"\" data-couleur=\"\" data-latitude=\"42.7789221\" data-longitude=\"3.0296429\" rel=\"noopener\">\r\n          <div class=\"texte-lieu\">\r\n            <p class=\"categorie-lieu decouvrir\">\r\n              Entdecken Sie            <\/p>\r\n            <p class=\"titre-lieu\">Florida<\/p>\r\n            <p class=\"soustitre-lieu\">Barcar\u00e8s<\/p>\r\n          <\/div>\r\n                        <img decoding=\"async\" src=\"https:\/\/www.camping-rochetaillee.fr\/wp-content\/uploads\/2025\/11\/floride.jpg\" alt=\"\" title=\"\">\r\n                  <\/a>\r\n              <a href=\"https:\/\/cielavillage.fr\/campings\/la-buissiere\/\" target=\"_blank\" class=\"lieu-ciela currentCat visuel\" data-cat=\"occitanie-de\" data-slug=\"la-buissiere\" data-icone=\"\" data-couleur=\"\" data-latitude=\"44.31378\" data-longitude=\"4.366677\" rel=\"noopener\">\r\n          <div class=\"texte-lieu\">\r\n            <p class=\"categorie-lieu decouvrir\">\r\n              Entdecken Sie            <\/p>\r\n            <p class=\"titre-lieu\">La Buissi\u00e8re<\/p>\r\n            <p class=\"soustitre-lieu\">Barjac<\/p>\r\n          <\/div>\r\n                        <img decoding=\"async\" src=\"https:\/\/www.camping-rochetaillee.fr\/wp-content\/uploads\/2025\/11\/buissiere.jpg\" alt=\"\" title=\"\">\r\n                  <\/a>\r\n              <a href=\"https:\/\/cielavillage.fr\/de\/campings\/camping-la-farigoulette-st-laurent-du-verdon\/\" target=\"_blank\" class=\"lieu-ciela currentCat visuel\" data-cat=\"paca-de\" data-slug=\"la-farigoulette\" data-icone=\"\" data-couleur=\"\" data-latitude=\"43.7339183\" data-longitude=\"6.07621\" rel=\"noopener\">\r\n          <div class=\"texte-lieu\">\r\n            <p class=\"categorie-lieu decouvrir\">\r\n              Entdecken Sie            <\/p>\r\n            <p class=\"titre-lieu\">La Farigoulette<\/p>\r\n            <p class=\"soustitre-lieu\">Saint-Laurent-du-Verdon<\/p>\r\n          <\/div>\r\n                        <img decoding=\"async\" src=\"https:\/\/www.camping-rochetaillee.fr\/wp-content\/uploads\/2024\/05\/farigoulette1.jpg.webp\" alt=\"camping Ciela village\" title=\"\">\r\n                  <\/a>\r\n              <a href=\"https:\/\/cielavillage.fr\/de\/campings\/la-liez\/\" target=\"_blank\" class=\"lieu-ciela currentCat visuel\" data-cat=\"grand-est-de\" data-slug=\"la-liez\" data-icone=\"\" data-couleur=\"\" data-latitude=\"47.8707206\" data-longitude=\"5.3796069\" rel=\"noopener\">\r\n          <div class=\"texte-lieu\">\r\n            <p class=\"categorie-lieu decouvrir\">\r\n              Entdecken Sie            <\/p>\r\n            <p class=\"titre-lieu\">La Liez<\/p>\r\n            <p class=\"soustitre-lieu\">Peigney<\/p>\r\n          <\/div>\r\n                        <img decoding=\"async\" src=\"https:\/\/www.camping-rochetaillee.fr\/wp-content\/uploads\/2025\/07\/batch_liez-800x533-1.jpg\" alt=\"\" title=\"\">\r\n                  <\/a>\r\n              <a href=\"https:\/\/cielavillage.fr\/de\/campings\/le-bontemps\/\" target=\"_blank\" class=\"lieu-ciela currentCat visuel\" data-cat=\"auvergne-rhone-alpes-de\" data-slug=\"le-bontemps\" data-icone=\"\" data-couleur=\"\" data-latitude=\"45.4249369\" data-longitude=\"4.9286986\" rel=\"noopener\">\r\n          <div class=\"texte-lieu\">\r\n            <p class=\"categorie-lieu decouvrir\">\r\n              Entdecken Sie            <\/p>\r\n            <p class=\"titre-lieu\">Le Bontemps<\/p>\r\n            <p class=\"soustitre-lieu\">Vernioz<\/p>\r\n          <\/div>\r\n                        <img decoding=\"async\" src=\"https:\/\/www.camping-rochetaillee.fr\/wp-content\/uploads\/2025\/07\/batch_bontemps-800x533-1.jpg\" alt=\"\" title=\"\">\r\n                  <\/a>\r\n              <a href=\"https:\/\/cielavillage.fr\/de\/campings\/le-caussanel\/\" target=\"_blank\" class=\"lieu-ciela currentCat visuel\" data-cat=\"occitanie-de\" data-slug=\"le-caussanel\" data-icone=\"\" data-couleur=\"\" data-latitude=\"44.2144226\" data-longitude=\"2.76694\" rel=\"noopener\">\r\n          <div class=\"texte-lieu\">\r\n            <p class=\"categorie-lieu decouvrir\">\r\n              Entdecken Sie            <\/p>\r\n            <p class=\"titre-lieu\">Le Caussanel<\/p>\r\n            <p class=\"soustitre-lieu\">Canet-de-Salars<\/p>\r\n          <\/div>\r\n                        <img decoding=\"async\" src=\"https:\/\/www.camping-rochetaillee.fr\/wp-content\/uploads\/2025\/07\/batch_caussanel-800x449-1.jpg\" alt=\"\" title=\"\">\r\n                  <\/a>\r\n              <a href=\"https:\/\/cielavillage.fr\/campings\/le-chaponnet\/\" target=\"_blank\" class=\"lieu-ciela currentCat visuel\" data-cat=\"nouvelle-aquitaine-de\" data-slug=\"le-chaponnet\" data-icone=\"\" data-couleur=\"\" data-latitude=\"46.6040804\" data-longitude=\"-1.8321603\" rel=\"noopener\">\r\n          <div class=\"texte-lieu\">\r\n            <p class=\"categorie-lieu decouvrir\">\r\n              Entdecken Sie            <\/p>\r\n            <p class=\"titre-lieu\">Le Chaponnet<\/p>\r\n            <p class=\"soustitre-lieu\">Brem-sur-Mer<\/p>\r\n          <\/div>\r\n                        <img decoding=\"async\" src=\"https:\/\/www.camping-rochetaillee.fr\/wp-content\/uploads\/2026\/04\/le-chaponnet-1.jpeg\" alt=\"\" title=\"\">\r\n                  <\/a>\r\n              <a href=\"https:\/\/cielavillage.fr\/de\/campings\/le-colporteur\/\" target=\"_blank\" class=\"lieu-ciela currentCat visuel\" data-cat=\"auvergne-rhone-alpes-de\" data-slug=\"le-colporteur\" data-icone=\"\" data-couleur=\"\" data-latitude=\"45.052007\" data-longitude=\"6.035198\" rel=\"noopener\">\r\n          <div class=\"texte-lieu\">\r\n            <p class=\"categorie-lieu decouvrir\">\r\n              Entdecken Sie            <\/p>\r\n            <p class=\"titre-lieu\">Le Colporteur<\/p>\r\n            <p class=\"soustitre-lieu\">Le Bourg-d&#8217;Oisans<\/p>\r\n          <\/div>\r\n                        <img decoding=\"async\" src=\"https:\/\/www.camping-rochetaillee.fr\/wp-content\/uploads\/2025\/07\/batch_colporteur-800x533-1.jpg\" alt=\"\" title=\"\">\r\n                  <\/a>\r\n              <a href=\"https:\/\/cielavillage.fr\/de\/campings\/le-lac-bleu\/\" target=\"_blank\" class=\"lieu-ciela currentCat visuel\" data-cat=\"auvergne-rhone-alpes-de\" data-slug=\"le-lac-bleu\" data-icone=\"\" data-couleur=\"\" data-latitude=\"44.6831303\" data-longitude=\"5.4493865\" rel=\"noopener\">\r\n          <div class=\"texte-lieu\">\r\n            <p class=\"categorie-lieu decouvrir\">\r\n              Entdecken Sie            <\/p>\r\n            <p class=\"titre-lieu\">Le Lac Bleu<\/p>\r\n            <p class=\"soustitre-lieu\">Ch\u00e2tillon-en-Diois<\/p>\r\n          <\/div>\r\n                        <img decoding=\"async\" src=\"https:\/\/www.camping-rochetaillee.fr\/wp-content\/uploads\/2025\/07\/batch_lac-bleu-800x449-1.jpg\" alt=\"\" title=\"\">\r\n                  <\/a>\r\n              <a href=\"https:\/\/cielavillage.fr\/de\/campings\/le-lac-de-thoux\/\" target=\"_blank\" class=\"lieu-ciela currentCat visuel\" data-cat=\"occitanie-de\" data-slug=\"le-lac-de-thoux\" data-icone=\"\" data-couleur=\"\" data-latitude=\"43.687304\" data-longitude=\"1.002146\" rel=\"noopener\">\r\n          <div class=\"texte-lieu\">\r\n            <p class=\"categorie-lieu decouvrir\">\r\n              Entdecken Sie            <\/p>\r\n            <p class=\"titre-lieu\">Le Lac de Thoux<\/p>\r\n            <p class=\"soustitre-lieu\">Thoux<\/p>\r\n          <\/div>\r\n                        <img decoding=\"async\" src=\"https:\/\/www.camping-rochetaillee.fr\/wp-content\/uploads\/2025\/07\/batch_lac-thoux-800x448-1.jpg\" alt=\"\" title=\"\">\r\n                  <\/a>\r\n              <a href=\"https:\/\/cielavillage.fr\/de\/campings\/le-pommier-villeneuve-de-berg\/\" target=\"_blank\" class=\"lieu-ciela currentCat visuel\" data-cat=\"auvergne-rhone-alpes-de\" data-slug=\"le-pommier\" data-icone=\"\" data-couleur=\"\" data-latitude=\"44.5723028\" data-longitude=\"4.5097287\" rel=\"noopener\">\r\n          <div class=\"texte-lieu\">\r\n            <p class=\"categorie-lieu decouvrir\">\r\n              Entdecken Sie            <\/p>\r\n            <p class=\"titre-lieu\">Le Pommier<\/p>\r\n            <p class=\"soustitre-lieu\">Villeneuve-de-Berg<\/p>\r\n          <\/div>\r\n                        <img decoding=\"async\" src=\"https:\/\/www.camping-rochetaillee.fr\/wp-content\/uploads\/2024\/05\/le-pommier-scaled-1.jpg.webp\" alt=\"camping Ciela village\" title=\"\">\r\n                  <\/a>\r\n              <a href=\"https:\/\/cielavillage.fr\/de\/campings\/les-2-soleils\/\" target=\"_blank\" class=\"lieu-ciela currentCat visuel\" data-cat=\"paca-de\" data-slug=\"les-2-soleils\" data-icone=\"\" data-couleur=\"\" data-latitude=\"44.4212093\" data-longitude=\"5.7291026\" rel=\"noopener\">\r\n          <div class=\"texte-lieu\">\r\n            <p class=\"categorie-lieu decouvrir\">\r\n              Entdecken Sie            <\/p>\r\n            <p class=\"titre-lieu\">Les 2 Soleils<\/p>\r\n            <p class=\"soustitre-lieu\">Serres<\/p>\r\n          <\/div>\r\n                        <img decoding=\"async\" src=\"https:\/\/www.camping-rochetaillee.fr\/wp-content\/uploads\/2024\/05\/2-SOLEILS-scaled.jpg-scaled.webp\" alt=\"camping Ciela village\" title=\"\">\r\n                  <\/a>\r\n              <a href=\"https:\/\/cielavillage.fr\/campings\/les-cantarelles\/\" target=\"_blank\" class=\"lieu-ciela currentCat visuel\" data-cat=\"occitanie-de\" data-slug=\"les-cantarelles\" data-icone=\"\" data-couleur=\"\" data-latitude=\"44.1066358\" data-longitude=\"2.6894746\" rel=\"noopener\">\r\n          <div class=\"texte-lieu\">\r\n            <p class=\"categorie-lieu decouvrir\">\r\n              Entdecken Sie            <\/p>\r\n            <p class=\"titre-lieu\">Les Cantarelles<\/p>\r\n            <p class=\"soustitre-lieu\">Alrance<\/p>\r\n          <\/div>\r\n                        <img decoding=\"async\" src=\"https:\/\/www.camping-rochetaillee.fr\/wp-content\/uploads\/2025\/11\/cantarelles.jpg\" alt=\"\" title=\"\">\r\n                  <\/a>\r\n              <a href=\"https:\/\/cielavillage.fr\/de\/campings\/les-cigales\/\" target=\"_blank\" class=\"lieu-ciela currentCat visuel\" data-cat=\"occitanie-de\" data-slug=\"les-cigales\" data-icone=\"\" data-couleur=\"\" data-latitude=\"44.80536\" data-longitude=\"1.6319072\" rel=\"noopener\">\r\n          <div class=\"texte-lieu\">\r\n            <p class=\"categorie-lieu decouvrir\">\r\n              Entdecken Sie            <\/p>\r\n            <p class=\"titre-lieu\">Les Cigales<\/p>\r\n            <p class=\"soustitre-lieu\">Rocamadour<\/p>\r\n          <\/div>\r\n                        <img decoding=\"async\" src=\"https:\/\/www.camping-rochetaillee.fr\/wp-content\/uploads\/2025\/07\/batch_cigales-800x450-1.jpg\" alt=\"\" title=\"\">\r\n                  <\/a>\r\n              <a href=\"https:\/\/cielavillage.fr\/de\/campings\/les-fontaines-pernes-les-fontaines\/\" target=\"_blank\" class=\"lieu-ciela currentCat visuel\" data-cat=\"paca-de\" data-slug=\"les-fontaines\" data-icone=\"\" data-couleur=\"\" data-latitude=\"44.0058409\" data-longitude=\"5.038656\" rel=\"noopener\">\r\n          <div class=\"texte-lieu\">\r\n            <p class=\"categorie-lieu decouvrir\">\r\n              Entdecken Sie            <\/p>\r\n            <p class=\"titre-lieu\">Les Fontaines<\/p>\r\n            <p class=\"soustitre-lieu\">Pernes-les-Fontaines<\/p>\r\n          <\/div>\r\n                        <img decoding=\"async\" src=\"https:\/\/www.camping-rochetaillee.fr\/wp-content\/uploads\/2024\/05\/les-fontaines-scaled-1.jpg.webp\" alt=\"camping Ciela village\" title=\"\">\r\n                  <\/a>\r\n              <a href=\"https:\/\/cielavillage.fr\/de\/campings\/les-gorges-du-chambon\/\" target=\"_blank\" class=\"lieu-ciela currentCat visuel\" data-cat=\"nouvelle-aquitaine-de\" data-slug=\"les-gorges-du-chambon\" data-icone=\"\" data-couleur=\"\" data-latitude=\"45.6591774\" data-longitude=\"0.5592224\" rel=\"noopener\">\r\n          <div class=\"texte-lieu\">\r\n            <p class=\"categorie-lieu decouvrir\">\r\n              Entdecken Sie            <\/p>\r\n            <p class=\"titre-lieu\">Les Gorges du Chambon<\/p>\r\n            <p class=\"soustitre-lieu\">Eymouthiers<\/p>\r\n          <\/div>\r\n                        <img decoding=\"async\" src=\"https:\/\/www.camping-rochetaillee.fr\/wp-content\/uploads\/2025\/07\/batch_gorges-du-chambon-800x533-1.jpg\" alt=\"\" title=\"\">\r\n                  <\/a>\r\n              <a href=\"https:\/\/cielavillage.fr\/de\/campings\/les-marsouins-argeles-sur-mer\/\" target=\"_blank\" class=\"lieu-ciela currentCat visuel\" data-cat=\"occitanie-de\" data-slug=\"les-marsouins\" data-icone=\"\" data-couleur=\"\" data-latitude=\"42.5609869\" data-longitude=\"3.0317302\" rel=\"noopener\">\r\n          <div class=\"texte-lieu\">\r\n            <p class=\"categorie-lieu decouvrir\">\r\n              Entdecken Sie            <\/p>\r\n            <p class=\"titre-lieu\">Les Marsouins<\/p>\r\n            <p class=\"soustitre-lieu\">Argel\u00e8s-sur-Mer<\/p>\r\n          <\/div>\r\n                        <img decoding=\"async\" src=\"https:\/\/www.camping-rochetaillee.fr\/wp-content\/uploads\/2024\/05\/004-Envoi-Anticipe-Marsouins-Parc-Aquatique-2023-scaled.jpg-scaled.webp\" alt=\"camping Ciela village\" title=\"\">\r\n                  <\/a>\r\n              <a href=\"https:\/\/cielavillage.fr\/campings\/les-princes-dorange\/\" target=\"_blank\" class=\"lieu-ciela currentCat visuel\" data-cat=\"paca-de\" data-slug=\"les-princes-dorange\" data-icone=\"\" data-couleur=\"\" data-latitude=\"44.3114796\" data-longitude=\"5.6955704\" rel=\"noopener\">\r\n          <div class=\"texte-lieu\">\r\n            <p class=\"categorie-lieu decouvrir\">\r\n              Entdecken Sie            <\/p>\r\n            <p class=\"titre-lieu\">Les Princes d&#8217;Orange<\/p>\r\n            <p class=\"soustitre-lieu\">Orpierre<\/p>\r\n          <\/div>\r\n                        <img decoding=\"async\" src=\"https:\/\/www.camping-rochetaillee.fr\/wp-content\/uploads\/2025\/11\/princes-dorange.jpg\" alt=\"\" title=\"\">\r\n                  <\/a>\r\n              <a href=\"https:\/\/www.camping-routes-de-provence.fr\/\" target=\"_blank\" class=\"lieu-ciela currentCat visuel\" data-cat=\"paca-de\" data-slug=\"les-routes-de-provence\" data-icone=\"\" data-couleur=\"\" data-latitude=\"43.9620778\" data-longitude=\"5.787508\" rel=\"noopener\">\r\n          <div class=\"texte-lieu\">\r\n            <p class=\"categorie-lieu decouvrir\">\r\n              Entdecken Sie            <\/p>\r\n            <p class=\"titre-lieu\">Les Routes de Provence<\/p>\r\n            <p class=\"soustitre-lieu\">Forcalquier<\/p>\r\n          <\/div>\r\n                        <img decoding=\"async\" src=\"https:\/\/www.camping-rochetaillee.fr\/wp-content\/uploads\/2025\/10\/batch_Camping-le-Forcalquier-4.jpg\" alt=\"camping alpes avec piscine\" title=\"\">\r\n                  <\/a>\r\n              <a href=\"https:\/\/cielavillage.fr\/de\/campings\/terra-verdon-castellane\/\" target=\"_blank\" class=\"lieu-ciela currentCat visuel\" data-cat=\"paca-de\" data-slug=\"terra-verdon\" data-icone=\"\" data-couleur=\"\" data-latitude=\"43.858673\" data-longitude=\"6.498086\" rel=\"noopener\">\r\n          <div class=\"texte-lieu\">\r\n            <p class=\"categorie-lieu decouvrir\">\r\n              Entdecken Sie            <\/p>\r\n            <p class=\"titre-lieu\">Terra Verdon<\/p>\r\n            <p class=\"soustitre-lieu\">Castellane<\/p>\r\n          <\/div>\r\n                        <img decoding=\"async\" src=\"https:\/\/www.camping-rochetaillee.fr\/wp-content\/uploads\/2024\/05\/Terra-Verdon.jpg.webp\" alt=\"camping Ciela village\" title=\"\">\r\n                  <\/a>\r\n          <\/div>\r\n    <div id='page_navigation'><\/div>\r\n  <\/div>\r\n\r\n  <div id=\"map-ciela\" class=\"wp-block-column\">\r\n    <div id=\"map-ciela\"><\/div>\r\n  <\/div>\r\n\r\n<\/section>\r\n\r\n","protected":false},"excerpt":{"rendered":"<p>Ciela Village Machen Sie Urlaub auf einem Sterne-Campingplatz mit der Ciela Village Gruppe G\u00f6nnen Sie sich einen unvergesslichen Familienurlaub mit den Luxus-Campingpl\u00e4tzen von Ciela Village, die in ganz Frankreich verteilt sind. G\u00f6nnen Sie sich eine wohlverdiente Pause in unseren mit Sternen ausgezeichneten Anlagen, in denen Komfort und Eleganz zu einem au\u00dfergew\u00f6hnlichen Urlaub verschmelzen. Tauchen Sie [&hellip;]<\/p>\n","protected":false},"author":1,"featured_media":0,"parent":0,"menu_order":0,"comment_status":"closed","ping_status":"closed","template":"","meta":[],"acf":[],"_links":{"self":[{"href":"https:\/\/www.camping-rochetaillee.fr\/de\/wp-json\/wp\/v2\/pages\/25984"}],"collection":[{"href":"https:\/\/www.camping-rochetaillee.fr\/de\/wp-json\/wp\/v2\/pages"}],"about":[{"href":"https:\/\/www.camping-rochetaillee.fr\/de\/wp-json\/wp\/v2\/types\/page"}],"author":[{"embeddable":true,"href":"https:\/\/www.camping-rochetaillee.fr\/de\/wp-json\/wp\/v2\/users\/1"}],"replies":[{"embeddable":true,"href":"https:\/\/www.camping-rochetaillee.fr\/de\/wp-json\/wp\/v2\/comments?post=25984"}],"version-history":[{"count":4,"href":"https:\/\/www.camping-rochetaillee.fr\/de\/wp-json\/wp\/v2\/pages\/25984\/revisions"}],"predecessor-version":[{"id":26180,"href":"https:\/\/www.camping-rochetaillee.fr\/de\/wp-json\/wp\/v2\/pages\/25984\/revisions\/26180"}],"wp:attachment":[{"href":"https:\/\/www.camping-rochetaillee.fr\/de\/wp-json\/wp\/v2\/media?parent=25984"}],"curies":[{"name":"wp","href":"https:\/\/api.w.org\/{rel}","templated":true}]}}